{"id":123,"date":"2025-10-01T14:49:43","date_gmt":"2025-10-01T14:49:43","guid":{"rendered":"https:\/\/lizardsoft.ch\/?page_id=123"},"modified":"2025-10-02T18:14:12","modified_gmt":"2025-10-02T18:14:12","slug":"test","status":"publish","type":"page","link":"https:\/\/lizardsoft.ch\/?page_id=123","title":{"rendered":"Partner"},"content":{"rendered":"\t\t<div data-elementor-type=\"wp-page\" data-elementor-id=\"123\" class=\"elementor elementor-123\" data-elementor-post-type=\"page\">\n\t\t\t\t<div class=\"elementor-element elementor-element-0fcdf70 e-flex e-con-boxed e-con e-parent\" data-id=\"0fcdf70\" data-element_type=\"container\" data-e-type=\"container\">\n\t\t\t\t\t<div class=\"e-con-inner\">\n\t\t\t\t<div class=\"elementor-element elementor-element-9f7179c elementor-widget elementor-widget-image\" data-id=\"9f7179c\" data-element_type=\"widget\" data-e-type=\"widget\" data-widget_type=\"image.default\">\n\t\t\t\t\t\t\t\t\t\t\t\t\t\t\t\t<a href=\"https:\/\/sk.linkedin.com\/company\/ccw-s-r-o-\">\n\t\t\t\t\t\t\t<img decoding=\"async\" width=\"200\" height=\"200\" src=\"https:\/\/lizardsoft.ch\/wp-content\/uploads\/2025\/10\/ccw-sro.jpg\" class=\"attachment-large size-large wp-image-218\" alt=\"\" srcset=\"https:\/\/lizardsoft.ch\/wp-content\/uploads\/2025\/10\/ccw-sro.jpg 200w, https:\/\/lizardsoft.ch\/wp-content\/uploads\/2025\/10\/ccw-sro-150x150.jpg 150w\" sizes=\"(max-width: 200px) 100vw, 200px\" \/>\t\t\t\t\t\t\t\t<\/a>\n\t\t\t\t\t\t\t\t\t\t\t\t\t\t\t<\/div>\n\t\t\t\t<div class=\"elementor-element elementor-element-14e0ae9 elementor-widget elementor-widget-text-editor\" data-id=\"14e0ae9\" data-element_type=\"widget\" data-e-type=\"widget\" data-widget_type=\"text-editor.default\">\n\t\t\t\t\t\t\t\t\t<p><strong>Ihre IT-L\u00f6sungen \u2013 Gr\u00f6ssere Projekte ben\u00f6tigen mehr Manpower<\/strong><\/p><div class=\"flex min-w-0 flex-1 flex-col\"><div class=\"flex w-full flex-col gap-2 break-words\" dir=\"auto\"><div style=\"opacity: 1; height: auto;\"><div class=\"markdown-container-style max-w-none gap-1 overflow-x-visible py-0.5 pb-4 font-normal text-wrap break-words select-text\" data-message-part-type=\"answer\"><p class=\"whitespace-break-spaces\" dir=\"auto\"><strong>Mithilfe\u00a0 unserer Partnerfirma k\u00f6nnen wir auch komplexe L\u00f6sungen zeitnah und kosteng\u00fcnstig umsetzen.<\/strong><\/p><p class=\"whitespace-break-spaces\" dir=\"auto\">\u00a0Seit vielen Jahren setzt <strong>CCW aus Bratislava<\/strong> massgeschneiderte Softwarel\u00f6sungen f\u00fcr Schweizer Unternehmen um \u2013 zuverl\u00e4ssig, kosteneffizient und auf h\u00f6chstem Niveau. Als Ihr <strong>starker Partner in Osteuropa<\/strong> kombinieren wir Schweizer Pr\u00e4zision mit der Flexibilit\u00e4t und dem Innovationsgeist einer europ\u00e4ischen IT-Schmiede.<\/p><p class=\"whitespace-break-spaces\" dir=\"auto\"><strong>Warum CCW unser idealer Partner ist:<\/strong><\/p><p class=\"whitespace-break-spaces\" dir=\"auto\">\u2705 <strong>Erfahrung, auf die Sie bauen k\u00f6nnen:<\/strong> CCW arbeitet seit Jahren erfolgreich f\u00fcr Schweizer KMU und Gro\u00dfunternehmen. Wir kennen die Anforderungen des Schweizer Marktes \u2013 von Datenschutz bis zu lokalen Gesch\u00e4ftsprozessen.<\/p><p class=\"whitespace-break-spaces\" dir=\"auto\">\u2705 <strong>Kosteneffizienz ohne Kompromisse:<\/strong> Profitieren Sie von attraktiven Konditionen, ohne auf Qualit\u00e4t oder Service zu verzichten. Unsere Standorte in der Slowakei erm\u00f6glichen Ihnen <strong>bis zu 40% Einsparungen<\/strong> bei Entwicklung und Support \u2013 bei gleicher oder sogar h\u00f6herer Expertise.<\/p><p class=\"whitespace-break-spaces\" dir=\"auto\">\u2705 <strong>Schweizer Standards, europ\u00e4ische Agilit\u00e4t:<\/strong> Unser Team besteht aus hochqualifizierten Entwicklern, Projektmanagern und Beratern, die nach Schweizer Ma\u00dfst\u00e4ben arbeiten. Kurze Wege, schnelle Reaktionen und eine <strong>kulturelle N\u00e4he<\/strong> zu Mitteleuropa machen die Zusammenarbeit einfach und effizient.<\/p><p class=\"whitespace-break-spaces\" dir=\"auto\">\u2705 <strong>Individuelle L\u00f6sungen f\u00fcr Ihren Erfolg:<\/strong> Ob ma\u00dfgeschneiderte Business-Software, Migration zu Open-Source-L\u00f6sungen oder digitale Transformation \u2013 wir setzen Ihre Projekte <strong>p\u00fcnktlich, budgetgerecht und zukunftssicher<\/strong> um.<\/p><p class=\"whitespace-break-spaces\" dir=\"auto\">\u2705 <strong>Sicherheit und Vertrauen:<\/strong> Datenschutz und Compliance sind f\u00fcr uns selbstverst\u00e4ndlich. Wir arbeiten nach europ\u00e4ischen und Schweizer Standards und garantieren Ihnen <strong>maximale Transparenz und Sicherheit<\/strong>.<\/p><p class=\"whitespace-break-spaces\" dir=\"auto\">\u2705 <strong>Nahtlose Kommunikation:<\/strong> Dank perfekter Deutsch- und Englischkenntnisse sowie der <strong>Zeitzone MEZ<\/strong> ist die Zusammenarbeit so unkompliziert, als s\u00e4\u00dfe Ihr IT-Partner nebenan.<\/p><p class=\"whitespace-break-spaces\" dir=\"auto\"><strong>Ihre Vorteile auf einen Blick:<\/strong><\/p><p class=\"whitespace-break-spaces\" dir=\"auto\">\u2714 <strong>Schweizer Qualit\u00e4t zu osteurop\u00e4ischen Konditionen<\/strong><\/p><p class=\"whitespace-break-spaces\" dir=\"auto\">\u2714 <strong>Erfahrenes Team mit langj\u00e4hriger Schweiz-Expertise<\/strong><\/p><p class=\"whitespace-break-spaces\" dir=\"auto\">\u2714 <strong>Flexible und skalierbare L\u00f6sungen f\u00fcr Ihr Unternehmen<\/strong><\/p><p class=\"whitespace-break-spaces\" dir=\"auto\">\u2714 <strong>Pers\u00f6nliche Ansprechpartner und direkte Kommunikation<\/strong><\/p><p class=\"whitespace-break-spaces\" dir=\"auto\">\u00a0<\/p><\/div><\/div><\/div><\/div>\t\t\t\t\t\t\t\t<\/div>\n\t\t\t\t\t<\/div>\n\t\t\t\t<\/div>\n\t\t\t\t<\/div>\n\t\t","protected":false},"excerpt":{"rendered":"<p>Ihre IT-L\u00f6sungen \u2013 Gr\u00f6ssere Projekte ben\u00f6tigen mehr Manpower Mithilfe\u00a0 unserer Partnerfirma k\u00f6nnen wir auch komplexe L\u00f6sungen zeitnah und kosteng\u00fcnstig umsetzen. \u00a0Seit vielen Jahren setzt CCW aus Bratislava massgeschneiderte Softwarel\u00f6sungen f\u00fcr Schweizer Unternehmen um \u2013 zuverl\u00e4ssig, kosteneffizient und auf h\u00f6chstem Niveau. Als Ihr starker Partner in Osteuropa kombinieren wir Schweizer Pr\u00e4zision mit der Flexibilit\u00e4t und dem [&hellip;]<\/p>\n","protected":false},"author":1,"featured_media":0,"parent":0,"menu_order":0,"comment_status":"closed","ping_status":"closed","template":"elementor_theme","meta":{"footnotes":""},"class_list":["post-123","page","type-page","status-publish","hentry","entry"],"_links":{"self":[{"href":"https:\/\/lizardsoft.ch\/index.php?rest_route=\/wp\/v2\/pages\/123","targetHints":{"allow":["GET"]}}],"collection":[{"href":"https:\/\/lizardsoft.ch\/index.php?rest_route=\/wp\/v2\/pages"}],"about":[{"href":"https:\/\/lizardsoft.ch\/index.php?rest_route=\/wp\/v2\/types\/page"}],"author":[{"embeddable":true,"href":"https:\/\/lizardsoft.ch\/index.php?rest_route=\/wp\/v2\/users\/1"}],"replies":[{"embeddable":true,"href":"https:\/\/lizardsoft.ch\/index.php?rest_route=%2Fwp%2Fv2%2Fcomments&post=123"}],"version-history":[{"count":19,"href":"https:\/\/lizardsoft.ch\/index.php?rest_route=\/wp\/v2\/pages\/123\/revisions"}],"predecessor-version":[{"id":235,"href":"https:\/\/lizardsoft.ch\/index.php?rest_route=\/wp\/v2\/pages\/123\/revisions\/235"}],"wp:attachment":[{"href":"https:\/\/lizardsoft.ch\/index.php?rest_route=%2Fwp%2Fv2%2Fmedia&parent=123"}],"curies":[{"name":"wp","href":"https:\/\/api.w.org\/{rel}","templated":true}]}}